{"id":578,"date":"2023-01-23T16:56:44","date_gmt":"2023-01-23T19:56:44","guid":{"rendered":"https:\/\/projjetegestao.com.br\/?page_id=578"},"modified":"2024-02-14T14:00:46","modified_gmt":"2024-02-14T17:00:46","slug":"contato","status":"publish","type":"page","link":"https:\/\/projjetegestao.com.br\/index.php\/contato\/","title":{"rendered":"Contato"},"content":{"rendered":"<p>[et_pb_section fb_built=&#8221;1&#8243; custom_padding_last_edited=&#8221;on|tablet&#8221; admin_label=&#8221;Header&#8221; _builder_version=&#8221;4.19.4&#8243; _module_preset=&#8221;default&#8221; use_background_color_gradient=&#8221;on&#8221; background_color_gradient_stops=&#8221;rgba(0,0,0,0) 0%|#001ae0 82%&#8221; background_color_gradient_overlays_image=&#8221;on&#8221; background_image=&#8221;https:\/\/projjetegestao.com.br\/wp-content\/uploads\/2023\/01\/web-developer-27.jpg&#8221; custom_padding=&#8221;20%||||false|false&#8221; custom_padding_tablet=&#8221;60px||||false|false&#8221; custom_padding_phone=&#8221;60px||||false|false&#8221; da_disable_devices=&#8221;off|off|off&#8221; locked=&#8221;off&#8221; collapsed=&#8221;on&#8221; global_colors_info=&#8221;{}&#8221; da_is_popup=&#8221;off&#8221; da_exit_intent=&#8221;off&#8221; da_has_close=&#8221;on&#8221; da_alt_close=&#8221;off&#8221; da_dark_close=&#8221;off&#8221; da_not_modal=&#8221;on&#8221; da_is_singular=&#8221;off&#8221; da_with_loader=&#8221;off&#8221; da_has_shadow=&#8221;on&#8221;][et_pb_row column_structure=&#8221;1_2,1_2&#8243; _builder_version=&#8221;4.18.0&#8243; _module_preset=&#8221;default&#8221; global_colors_info=&#8221;{}&#8221;][et_pb_column type=&#8221;1_2&#8243; _builder_version=&#8221;4.18.0&#8243; _module_preset=&#8221;default&#8221; global_colors_info=&#8221;{}&#8221;][et_pb_text _builder_version=&#8221;4.18.0&#8243; _module_preset=&#8221;c16985e1-e0d6-4022-964d-e2bfc04fa633&#8243; header_font=&#8221;Roboto|700|||||||&#8221; header_text_color=&#8221;gcid-6171fd24-b893-4d22-843a-f4129850a5c1&#8243; header_font_size=&#8221;75px&#8221; header_line_height=&#8221;1.2em&#8221; header_font_size_tablet=&#8221;40px&#8221; header_font_size_phone=&#8221;24px&#8221; header_font_size_last_edited=&#8221;on|desktop&#8221; global_colors_info=&#8221;{%22gcid-6171fd24-b893-4d22-843a-f4129850a5c1%22:%91%22header_text_color%22%93}&#8221;]<\/p>\n<h1>Entre em contato conosco!<\/h1>\n<p>[\/et_pb_text][et_pb_divider color=&#8221;gcid-6171fd24-b893-4d22-843a-f4129850a5c1&#8243; divider_weight=&#8221;4px&#8221; _builder_version=&#8221;4.18.0&#8243; _module_preset=&#8221;default&#8221; max_width=&#8221;300px&#8221; global_colors_info=&#8221;{%22gcid-6171fd24-b893-4d22-843a-f4129850a5c1%22:%91%22color%22%93}&#8221;][\/et_pb_divider][et_pb_text _builder_version=&#8221;4.19.4&#8243; _module_preset=&#8221;518880c8-46c7-4ffa-b5a6-93ffa99dcc17&#8243; text_font=&#8221;Archivo||||||||&#8221; text_text_color=&#8221;gcid-6171fd24-b893-4d22-843a-f4129850a5c1&#8243; text_font_size=&#8221;18px&#8221; text_line_height=&#8221;1.6em&#8221; text_font_size_tablet=&#8221;16px&#8221; text_font_size_phone=&#8221;14px&#8221; text_font_size_last_edited=&#8221;on|phone&#8221; global_colors_info=&#8221;{%22gcid-6171fd24-b893-4d22-843a-f4129850a5c1%22:%91%22text_text_color%22%93}&#8221;]<\/p>\n<p><span style=\"font-weight: 400;\">Como empres\u00e1rio, sabemos que voc\u00ea tem sempre alta demanda de trabalho e muitos desafios<\/span><b>.<\/b><span style=\"font-weight: 400;\"> A Consultoria Projjete aproxima voc\u00ea da compreens\u00e3o de seus objetivos e metas, facilitando e contribuindo pra sua jornada rumo ao sucesso.\u00a0<\/span><\/p>\n<p>[\/et_pb_text][\/et_pb_column][et_pb_column type=&#8221;1_2&#8243; _builder_version=&#8221;4.18.0&#8243; _module_preset=&#8221;default&#8221; global_colors_info=&#8221;{}&#8221;][et_pb_blurb title=&#8221;Email&#8221; use_icon=&#8221;on&#8221; font_icon=&#8221;&#xf0e0;||fa||400&#8243; icon_color=&#8221;#FFFFFF&#8221; icon_placement=&#8221;left&#8221; image_icon_width=&#8221;36px&#8221; _builder_version=&#8221;4.19.4&#8243; _module_preset=&#8221;341773a8-7d77-4626-b15c-f95399f25521&#8243; header_font=&#8221;Archivo|700||on|||||&#8221; header_text_color=&#8221;gcid-f1414204-51c0-48ff-bc68-c545a86d03e7&#8243; header_font_size=&#8221;14px&#8221; header_letter_spacing=&#8221;1px&#8221; body_font=&#8221;Archivo||||||||&#8221; body_text_color=&#8221;gcid-6171fd24-b893-4d22-843a-f4129850a5c1&#8243; body_link_text_color=&#8221;gcid-1adb0c48-e943-4be8-b747-83127bdbd76c&#8221; animation=&#8221;off&#8221; locked=&#8221;off&#8221; global_colors_info=&#8221;{%22gcid-f1414204-51c0-48ff-bc68-c545a86d03e7%22:%91%22header_text_color%22,%22header_text_color%22%93,%22gcid-6171fd24-b893-4d22-843a-f4129850a5c1%22:%91%22body_text_color%22,%22body_text_color%22%93,%22gcid-1adb0c48-e943-4be8-b747-83127bdbd76c%22:%91%22body_link_text_color%22%93}&#8221;]<\/p>\n<p>comercial@projjetegestao.com.br<\/p>\n<p>[\/et_pb_blurb][et_pb_blurb title=&#8221;Telefone Divin\u00f3polis &#8211; MG&#8221; use_icon=&#8221;on&#8221; font_icon=&#8221;&#xe028;||divi||400&#8243; icon_color=&#8221;#FFFFFF&#8221; icon_placement=&#8221;left&#8221; image_icon_width=&#8221;36px&#8221; _builder_version=&#8221;4.19.4&#8243; _module_preset=&#8221;341773a8-7d77-4626-b15c-f95399f25521&#8243; header_font=&#8221;Archivo|700||on|||||&#8221; header_text_color=&#8221;gcid-f1414204-51c0-48ff-bc68-c545a86d03e7&#8243; header_font_size=&#8221;14px&#8221; header_letter_spacing=&#8221;1px&#8221; body_font=&#8221;Archivo||||||||&#8221; body_text_color=&#8221;gcid-6171fd24-b893-4d22-843a-f4129850a5c1&#8243; body_link_text_color=&#8221;gcid-1adb0c48-e943-4be8-b747-83127bdbd76c&#8221; animation=&#8221;off&#8221; locked=&#8221;off&#8221; global_colors_info=&#8221;{%22gcid-f1414204-51c0-48ff-bc68-c545a86d03e7%22:%91%22header_text_color%22,%22header_text_color%22%93,%22gcid-6171fd24-b893-4d22-843a-f4129850a5c1%22:%91%22body_text_color%22,%22body_text_color%22%93,%22gcid-1adb0c48-e943-4be8-b747-83127bdbd76c%22:%91%22body_link_text_color%22%93}&#8221;]<\/p>\n<p>(37) 99955 &#8211; 2235<\/p>\n<p>[\/et_pb_blurb][et_pb_blurb title=&#8221;Telefone betim &#8211; MG&#8221; use_icon=&#8221;on&#8221; font_icon=&#8221;&#xe028;||divi||400&#8243; icon_color=&#8221;#FFFFFF&#8221; icon_placement=&#8221;left&#8221; image_icon_width=&#8221;36px&#8221; _builder_version=&#8221;4.19.4&#8243; _module_preset=&#8221;341773a8-7d77-4626-b15c-f95399f25521&#8243; header_font=&#8221;Archivo|700||on|||||&#8221; header_text_color=&#8221;gcid-f1414204-51c0-48ff-bc68-c545a86d03e7&#8243; header_font_size=&#8221;14px&#8221; header_letter_spacing=&#8221;1px&#8221; body_font=&#8221;Archivo||||||||&#8221; body_text_color=&#8221;gcid-6171fd24-b893-4d22-843a-f4129850a5c1&#8243; body_link_text_color=&#8221;gcid-1adb0c48-e943-4be8-b747-83127bdbd76c&#8221; animation=&#8221;off&#8221; locked=&#8221;off&#8221; global_colors_info=&#8221;{%22gcid-f1414204-51c0-48ff-bc68-c545a86d03e7%22:%91%22header_text_color%22,%22header_text_color%22%93,%22gcid-6171fd24-b893-4d22-843a-f4129850a5c1%22:%91%22body_text_color%22,%22body_text_color%22%93,%22gcid-1adb0c48-e943-4be8-b747-83127bdbd76c%22:%91%22body_link_text_color%22%93}&#8221;]<\/p>\n<p>(31) 99585 &#8211; 5378<\/p>\n<p>[\/et_pb_blurb][\/et_pb_column][\/et_pb_row][et_pb_row _builder_version=&#8221;4.19.5&#8243; _module_preset=&#8221;default&#8221; transform_scale=&#8221;126%|126%&#8221; transform_translate=&#8221;103px|-6px&#8221; global_colors_info=&#8221;{}&#8221;][et_pb_column type=&#8221;4_4&#8243; _builder_version=&#8221;4.19.5&#8243; _module_preset=&#8221;default&#8221; global_colors_info=&#8221;{}&#8221;][et_pb_button button_url=&#8221;https:\/\/wa.me\/5537999679645?text=Ol%C3%A1,%20gostaria%20de%20saber%20mais%20sobre%20a%20Consultoria!%20&#8243; url_new_window=&#8221;on&#8221; button_text=&#8221;Converse conosco pelo WhatsApp!&#8221; _builder_version=&#8221;4.19.5&#8243; _module_preset=&#8221;default&#8221; custom_button=&#8221;on&#8221; button_text_color=&#8221;#FFFFFF&#8221; button_bg_color=&#8221;#7CDA24&#8243; button_border_width=&#8221;0px&#8221; button_border_radius=&#8221;40px&#8221; button_icon=&#8221;&#xf232;||fa||400&#8243; transform_scale_tablet=&#8221;&#8221; transform_scale_phone=&#8221;74%|74%&#8221; transform_scale_last_edited=&#8221;on|phone&#8221; transform_translate_tablet=&#8221;&#8221; transform_translate_phone=&#8221;-139px|-2px&#8221; transform_translate_last_edited=&#8221;on|phone&#8221; transform_rotate_tablet=&#8221;&#8221; transform_rotate_phone=&#8221;&#8221; transform_rotate_last_edited=&#8221;on|phone&#8221; transform_skew_tablet=&#8221;&#8221; transform_skew_phone=&#8221;&#8221; transform_skew_last_edited=&#8221;on|phone&#8221; transform_origin_tablet=&#8221;&#8221; transform_origin_phone=&#8221;&#8221; transform_origin_last_edited=&#8221;on|phone&#8221; transform_styles_last_edited=&#8221;on|phone&#8221; hover_enabled=&#8221;0&#8243; transform_styles_tablet=&#8221;&#8221; transform_styles_phone=&#8221;&#8221; global_colors_info=&#8221;{}&#8221; sticky_enabled=&#8221;0&#8243;][\/et_pb_button][\/et_pb_column][\/et_pb_row][\/et_pb_section][et_pb_section fb_built=&#8221;1&#8243; admin_label=&#8221;Footer&#8221; _builder_version=&#8221;4.19.4&#8243; _module_preset=&#8221;default&#8221; background_color=&#8221;#0E00DD&#8221; min_height=&#8221;834px&#8221; custom_margin=&#8221;||-8px|||&#8221; custom_padding=&#8221;||52px|||&#8221; da_disable_devices=&#8221;off|off|off&#8221; collapsed=&#8221;on&#8221; global_colors_info=&#8221;{%22gcid-2cf18f4b-ad1d-4daf-a40a-75be4919065f%22:%91%22background_color%22%93}&#8221; da_is_popup=&#8221;off&#8221; da_exit_intent=&#8221;off&#8221; da_has_close=&#8221;on&#8221; da_alt_close=&#8221;off&#8221; da_dark_close=&#8221;off&#8221; da_not_modal=&#8221;on&#8221; da_is_singular=&#8221;off&#8221; da_with_loader=&#8221;off&#8221; da_has_shadow=&#8221;on&#8221;][et_pb_row column_structure=&#8221;1_2,1_2&#8243; use_custom_gutter=&#8221;on&#8221; gutter_width=&#8221;1&#8243; make_equal=&#8221;on&#8221; custom_padding_last_edited=&#8221;off|desktop&#8221; _builder_version=&#8221;4.19.4&#8243; _module_preset=&#8221;default&#8221; background_color=&#8221;#FFFFFF&#8221; custom_margin=&#8221;||30px||false|false&#8221; custom_padding=&#8221;0px||0px||true|false&#8221; custom_padding_tablet=&#8221;30px|30px|30px|30px|true|true&#8221; custom_padding_phone=&#8221;20px|20px|20px|20px|true|true&#8221; global_colors_info=&#8221;{%22gcid-1adb0c48-e943-4be8-b747-83127bdbd76c%22:%91%22background_color%22%93}&#8221;][et_pb_column type=&#8221;1_2&#8243; _builder_version=&#8221;4.19.4&#8243; _module_preset=&#8221;default&#8221; background_color=&#8221;#00b4d8&#8243; background_image=&#8221;https:\/\/projjetegestao.com.br\/wp-content\/uploads\/2023\/01\/webdev-06.png&#8221; parallax=&#8221;on&#8221; global_colors_info=&#8221;{}&#8221;][et_pb_divider show_divider=&#8221;off&#8221; _builder_version=&#8221;4.18.0&#8243; _module_preset=&#8221;default&#8221; height_tablet=&#8221;40vw&#8221; height_phone=&#8221;40vw&#8221; height_last_edited=&#8221;on|tablet&#8221; global_colors_info=&#8221;{}&#8221;][\/et_pb_divider][\/et_pb_column][et_pb_column type=&#8221;1_2&#8243; _builder_version=&#8221;4.18.0&#8243; _module_preset=&#8221;default&#8221; custom_padding=&#8221;19%|60px|10%|60px|false|true&#8221; custom_padding_tablet=&#8221;&#8221; custom_padding_phone=&#8221;30px|30px|30px|30px|false|true&#8221; custom_padding_last_edited=&#8221;on|phone&#8221; global_colors_info=&#8221;{}&#8221;][et_pb_text _builder_version=&#8221;4.19.4&#8243; _module_preset=&#8221;b327cbe4-b1d5-4b66-ad37-40c8f2f061ba&#8221; header_2_font=&#8221;Roboto|700|||||||&#8221; header_2_font_size=&#8221;48px&#8221; header_2_line_height=&#8221;1.2em&#8221; header_2_font_size_tablet=&#8221;32px&#8221; header_2_font_size_phone=&#8221;20px&#8221; header_2_font_size_last_edited=&#8221;on|desktop&#8221; global_colors_info=&#8221;{}&#8221;]<\/p>\n<h2>Vamos construir algo bom juntos?<\/h2>\n<p>[\/et_pb_text][et_pb_text _builder_version=&#8221;4.19.4&#8243; _module_preset=&#8221;1f09816e-184e-4ce5-a4cf-b39c52c423ca&#8221; text_font=&#8221;Archivo||||||||&#8221; text_font_size=&#8221;16px&#8221; text_line_height=&#8221;1.6em&#8221; custom_margin=&#8221;||30px||false|false&#8221; text_font_size_tablet=&#8221;15px&#8221; text_font_size_phone=&#8221;14px&#8221; text_font_size_last_edited=&#8221;on|phone&#8221; header_font_size_tablet=&#8221;55px&#8221; header_font_size_last_edited=&#8221;off|desktop&#8221; global_colors_info=&#8221;{}&#8221;]<\/p>\n<p>Mande uma mensagem para a nossa equipe de Consultores e teremos o prazer de te chamar retornar!<\/p>\n<p>[\/et_pb_text][et_pb_contact_form captcha=&#8221;off&#8221; _builder_version=&#8221;4.19.5&#8243; _module_preset=&#8221;5f451234-b662-41cf-8ad7-48c40d2afa7f&#8221; _unique_id=&#8221;f390ddca-7789-4f1e-ba0d-d0db97edd0a3&#8243; form_field_background_color=&#8221;#e8e8e8&#8243; form_field_text_color=&#8221;#1e1e1e&#8221; form_field_custom_padding=&#8221;18px|38px|18px|38px|true|true&#8221; form_field_font=&#8221;Archivo|700||on|||||&#8221; custom_button=&#8221;on&#8221; button_text_size=&#8221;14px&#8221; button_text_color=&#8221;#1e1e1e&#8221; button_bg_color=&#8221;#ecc600&#8243; button_border_width=&#8221;0px&#8221; button_border_radius=&#8221;0px&#8221; button_font=&#8221;Archivo|700||on|||||&#8221; button_custom_padding=&#8221;18px|38px|18px|38px|true|true&#8221; hover_enabled=&#8221;0&#8243; global_colors_info=&#8221;{}&#8221; sticky_enabled=&#8221;0&#8243;][et_pb_contact_field field_id=&#8221;Name&#8221; field_title=&#8221;NOME&#8221; fullwidth_field=&#8221;on&#8221; _builder_version=&#8221;4.19.5&#8243; hover_enabled=&#8221;0&#8243; global_colors_info=&#8221;{}&#8221; button_text_size__hover_enabled=&#8221;off&#8221; button_one_text_size__hover_enabled=&#8221;off&#8221; button_two_text_size__hover_enabled=&#8221;off&#8221; button_text_color__hover_enabled=&#8221;off&#8221; button_one_text_color__hover_enabled=&#8221;off&#8221; button_two_text_color__hover_enabled=&#8221;off&#8221; button_border_width__hover_enabled=&#8221;off&#8221; button_one_border_width__hover_enabled=&#8221;off&#8221; button_two_border_width__hover_enabled=&#8221;off&#8221; button_border_color__hover_enabled=&#8221;off&#8221; button_one_border_color__hover_enabled=&#8221;off&#8221; button_two_border_color__hover_enabled=&#8221;off&#8221; button_border_radius__hover_enabled=&#8221;off&#8221; button_one_border_radius__hover_enabled=&#8221;off&#8221; button_two_border_radius__hover_enabled=&#8221;off&#8221; button_letter_spacing__hover_enabled=&#8221;off&#8221; button_one_letter_spacing__hover_enabled=&#8221;off&#8221; button_two_letter_spacing__hover_enabled=&#8221;off&#8221; button_bg_color__hover_enabled=&#8221;off&#8221; button_one_bg_color__hover_enabled=&#8221;off&#8221; button_two_bg_color__hover_enabled=&#8221;off&#8221; sticky_enabled=&#8221;0&#8243;][\/et_pb_contact_field][et_pb_contact_field field_id=&#8221;Email&#8221; field_title=&#8221;SEU E-MAIL&#8221; field_type=&#8221;email&#8221; fullwidth_field=&#8221;on&#8221; _builder_version=&#8221;4.19.5&#8243; hover_enabled=&#8221;0&#8243; global_colors_info=&#8221;{}&#8221; button_text_size__hover_enabled=&#8221;off&#8221; button_one_text_size__hover_enabled=&#8221;off&#8221; button_two_text_size__hover_enabled=&#8221;off&#8221; button_text_color__hover_enabled=&#8221;off&#8221; button_one_text_color__hover_enabled=&#8221;off&#8221; button_two_text_color__hover_enabled=&#8221;off&#8221; button_border_width__hover_enabled=&#8221;off&#8221; button_one_border_width__hover_enabled=&#8221;off&#8221; button_two_border_width__hover_enabled=&#8221;off&#8221; button_border_color__hover_enabled=&#8221;off&#8221; button_one_border_color__hover_enabled=&#8221;off&#8221; button_two_border_color__hover_enabled=&#8221;off&#8221; button_border_radius__hover_enabled=&#8221;off&#8221; button_one_border_radius__hover_enabled=&#8221;off&#8221; button_two_border_radius__hover_enabled=&#8221;off&#8221; button_letter_spacing__hover_enabled=&#8221;off&#8221; button_one_letter_spacing__hover_enabled=&#8221;off&#8221; button_two_letter_spacing__hover_enabled=&#8221;off&#8221; button_bg_color__hover_enabled=&#8221;off&#8221; button_one_bg_color__hover_enabled=&#8221;off&#8221; button_two_bg_color__hover_enabled=&#8221;off&#8221; sticky_enabled=&#8221;0&#8243;][\/et_pb_contact_field][et_pb_contact_field field_id=&#8221;Message&#8221; field_title=&#8221;MENSAGEM&#8221; field_type=&#8221;text&#8221; fullwidth_field=&#8221;on&#8221; _builder_version=&#8221;4.19.5&#8243; hover_enabled=&#8221;0&#8243; global_colors_info=&#8221;{}&#8221; button_text_size__hover_enabled=&#8221;off&#8221; button_one_text_size__hover_enabled=&#8221;off&#8221; button_two_text_size__hover_enabled=&#8221;off&#8221; button_text_color__hover_enabled=&#8221;off&#8221; button_one_text_color__hover_enabled=&#8221;off&#8221; button_two_text_color__hover_enabled=&#8221;off&#8221; button_border_width__hover_enabled=&#8221;off&#8221; button_one_border_width__hover_enabled=&#8221;off&#8221; button_two_border_width__hover_enabled=&#8221;off&#8221; button_border_color__hover_enabled=&#8221;off&#8221; button_one_border_color__hover_enabled=&#8221;off&#8221; button_two_border_color__hover_enabled=&#8221;off&#8221; button_border_radius__hover_enabled=&#8221;off&#8221; button_one_border_radius__hover_enabled=&#8221;off&#8221; button_two_border_radius__hover_enabled=&#8221;off&#8221; button_letter_spacing__hover_enabled=&#8221;off&#8221; button_one_letter_spacing__hover_enabled=&#8221;off&#8221; button_two_letter_spacing__hover_enabled=&#8221;off&#8221; button_bg_color__hover_enabled=&#8221;off&#8221; button_one_bg_color__hover_enabled=&#8221;off&#8221; button_two_bg_color__hover_enabled=&#8221;off&#8221; sticky_enabled=&#8221;0&#8243;][\/et_pb_contact_field][\/et_pb_contact_form][\/et_pb_column][\/et_pb_row][\/et_pb_section]<\/p>\n","protected":false},"excerpt":{"rendered":"<p>Entre em contato conosco!Como empres\u00e1rio, sabemos que voc\u00ea tem sempre alta demanda de trabalho e muitos desafios. A Consultoria Projjete aproxima voc\u00ea da compreens\u00e3o de seus objetivos e metas, facilitando e contribuindo pra sua jornada rumo ao sucesso.\u00a0comercial@projjetegestao.com.br(37) 99955 &#8211; 2235(31) 99585 &#8211; 5378Vamos construir algo bom juntos?Mande uma mensagem para a nossa equipe de [&hellip;]<\/p>\n","protected":false},"author":1,"featured_media":0,"parent":0,"menu_order":0,"comment_status":"closed","ping_status":"closed","template":"","meta":{"_et_pb_use_builder":"on","_et_pb_old_content":"","_et_gb_content_width":"","footnotes":""},"class_list":["post-578","page","type-page","status-publish","hentry"],"_links":{"self":[{"href":"https:\/\/projjetegestao.com.br\/index.php\/wp-json\/wp\/v2\/pages\/578","targetHints":{"allow":["GET"]}}],"collection":[{"href":"https:\/\/projjetegestao.com.br\/index.php\/wp-json\/wp\/v2\/pages"}],"about":[{"href":"https:\/\/projjetegestao.com.br\/index.php\/wp-json\/wp\/v2\/types\/page"}],"author":[{"embeddable":true,"href":"https:\/\/projjetegestao.com.br\/index.php\/wp-json\/wp\/v2\/users\/1"}],"replies":[{"embeddable":true,"href":"https:\/\/projjetegestao.com.br\/index.php\/wp-json\/wp\/v2\/comments?post=578"}],"version-history":[{"count":12,"href":"https:\/\/projjetegestao.com.br\/index.php\/wp-json\/wp\/v2\/pages\/578\/revisions"}],"predecessor-version":[{"id":1828,"href":"https:\/\/projjetegestao.com.br\/index.php\/wp-json\/wp\/v2\/pages\/578\/revisions\/1828"}],"wp:attachment":[{"href":"https:\/\/projjetegestao.com.br\/index.php\/wp-json\/wp\/v2\/media?parent=578"}],"curies":[{"name":"wp","href":"https:\/\/api.w.org\/{rel}","templated":true}]}}